{"id":888,"date":"2022-11-09T10:40:55","date_gmt":"2022-11-09T09:40:55","guid":{"rendered":"http:\/\/karinem.com\/?page_id=888"},"modified":"2024-05-25T15:22:45","modified_gmt":"2024-05-25T13:22:45","slug":"mentions-legales","status":"publish","type":"page","link":"https:\/\/karinem.com\/index.php\/mentions-legales\/","title":{"rendered":"Mentions l\u00e9gales"},"content":{"rendered":"\n<p>Toutes les photographies de ce site sont la propri\u00e9t\u00e9 exclusive de Karine Michelin et sont prot\u00e9g\u00e9es par les lois internationales sur le copyright.<\/p>\n\n\n\n<p>Elles ne sont pas libres de droit et toute reproduction, partielle ou totale, sous quelque forme que ce soit est formellement interdite sans une autorisation \u00e9crite de l&rsquo;auteur.<\/p>\n\n\n\n<p>Copyright \u00a9 Karine M 2024<\/p>\n\n\n\n<p>Direction de la publication : Karine Michelin<\/p>\n\n\n\n<p>Textes et l\u00e9gendes : Blandine Molinier \u2022 Karine Michelin<\/p>\n\n\n\n<p>Site h\u00e9berg\u00e9 par : OVH 140, quai du Sartel 59100 Roubaix T\u00e9l. : 0899 701&nbsp;761<\/p>\n","protected":false},"excerpt":{"rendered":"<p>Toutes les photographies de ce site sont la propri\u00e9t\u00e9 exclusive de Karine Michelin et sont prot\u00e9g\u00e9es par les lois internationales sur le copyright. Elles ne sont pas libres de droit et toute reproduction, partielle ou totale, sous quelque forme que ce soit est formellement interdite sans une autorisation \u00e9crite de l&rsquo;auteur. Copyright \u00a9 Karine M [&hellip;]<\/p>\n","protected":false},"author":1,"featured_media":0,"parent":0,"menu_order":0,"comment_status":"closed","ping_status":"closed","template":"","meta":{"ngg_post_thumbnail":0,"footnotes":""},"class_list":["post-888","page","type-page","status-publish","hentry","entry"],"_links":{"self":[{"href":"https:\/\/karinem.com\/index.php\/wp-json\/wp\/v2\/pages\/888","targetHints":{"allow":["GET"]}}],"collection":[{"href":"https:\/\/karinem.com\/index.php\/wp-json\/wp\/v2\/pages"}],"about":[{"href":"https:\/\/karinem.com\/index.php\/wp-json\/wp\/v2\/types\/page"}],"author":[{"embeddable":true,"href":"https:\/\/karinem.com\/index.php\/wp-json\/wp\/v2\/users\/1"}],"replies":[{"embeddable":true,"href":"https:\/\/karinem.com\/index.php\/wp-json\/wp\/v2\/comments?post=888"}],"version-history":[{"count":4,"href":"https:\/\/karinem.com\/index.php\/wp-json\/wp\/v2\/pages\/888\/revisions"}],"predecessor-version":[{"id":1525,"href":"https:\/\/karinem.com\/index.php\/wp-json\/wp\/v2\/pages\/888\/revisions\/1525"}],"wp:attachment":[{"href":"https:\/\/karinem.com\/index.php\/wp-json\/wp\/v2\/media?parent=888"}],"curies":[{"name":"wp","href":"https:\/\/api.w.org\/{rel}","templated":true}]}}