{"id":320,"date":"2022-08-02T12:54:38","date_gmt":"2022-08-02T10:54:38","guid":{"rendered":"http:\/\/karinem.com\/?page_id=320"},"modified":"2024-06-07T07:53:53","modified_gmt":"2024-06-07T05:53:53","slug":"liens","status":"publish","type":"page","link":"https:\/\/karinem.com\/index.php\/liens\/","title":{"rendered":"Liens"},"content":{"rendered":"\n<p class=\"has-medium-font-size\"><\/p>\n\n\n\n<p><a href=\"http:\/\/youtube.com\/channel\/UCk9TztwDILfQiX6dtGHOwVA\" data-type=\"URL\" data-id=\"youtube.com\/channel\/UCk9TztwDILfQiX6dtGHOwVA\" target=\"_blank\" rel=\"noreferrer noopener\"><strong>Balkana\u00ef<\/strong> Youtube<\/a> \u2022 <a href=\"https:\/\/www.facebook.com\/BalkanaiOrchestre\" data-type=\"URL\" data-id=\"https:\/\/www.facebook.com\/BalkanaiOrchestre\" target=\"_blank\" rel=\"noreferrer noopener\">Facebook<\/a><\/p>\n\n\n\n<p><a href=\"https:\/\/www.facebook.com\/profile.php?id=100028126910274\" target=\"_blank\" rel=\"noreferrer noopener\"><strong>Fran\u00e7ois Baillon<\/strong> Biologiste et photographe<\/a><\/p>\n\n\n\n<p><strong><a rel=\"noreferrer noopener\" href=\"http:\/\/www.pinkitblack.fr\" data-type=\"URL\" data-id=\"www.pinkitblack.fr\" target=\"_blank\">Les Pink it Blacks<\/a><\/strong><\/p>\n\n\n\n<p><a rel=\"noreferrer noopener\" href=\"http:\/\/www.fzm.fr\/gravomane\/\" data-type=\"URL\" data-id=\"www.fzm.fr\/gravomane\/\" target=\"_blank\">Roland Cros<strong> gravomane<\/strong><\/a><\/p>\n\n\n\n<p><strong><a rel=\"noreferrer noopener\" href=\"http:\/\/www.servanecayeux.com\/\" data-type=\"URL\" data-id=\"www.servanecayeux.com\/\" target=\"_blank\">Servane Cayeux<\/a><\/strong><\/p>\n\n\n\n<p><strong><a rel=\"noreferrer noopener\" href=\"http:\/\/vertygo.fr\" data-type=\"URL\" data-id=\"http:\/\/vertygo.fr\" target=\"_blank\">Vertygo<\/a><\/strong><\/p>\n\n\n\n<p><strong><a rel=\"noreferrer noopener\" href=\"http:\/\/www.annesylvestre.com\" data-type=\"URL\" data-id=\"www.annesylvestre.com\" target=\"_blank\">Anne Sylvestre<\/a><\/strong><\/p>\n\n\n\n<p><a rel=\"noreferrer noopener\" href=\"http:\/\/www.artistic-online.com\" data-type=\"URL\" data-id=\"www.artistic-online.com\" target=\"_blank\">L&rsquo;association <strong>ARTISTIC<\/strong><\/a><\/p>\n\n\n\n<p><a rel=\"noreferrer noopener\" href=\"http:\/\/www.enfancemusique.asso.fr\/\" data-type=\"URL\" data-id=\"www.enfancemusique.asso.fr\/\" target=\"_blank\">L&rsquo;association <strong>Enfance et Musique<\/strong><\/a><\/p>\n\n\n\n<p><a rel=\"noreferrer noopener\" href=\"http:\/\/www.compagniearchetetsoufflet.fr\/\" data-type=\"URL\" data-id=\"www.compagniearchetetsoufflet.fr\/\" target=\"_blank\">La <strong>Compagnie de l&rsquo;archet et soufflet<\/strong><\/a><\/p>\n\n\n\n<p><a rel=\"noreferrer noopener\" href=\"http:\/\/www.dusouffleauson.fr\" data-type=\"URL\" data-id=\"www.dusouffleauson.fr\" target=\"_blank\">La <strong>Compagnie du Souffle au son<\/strong><\/a><\/p>\n\n\n\n<p><strong><a rel=\"noreferrer noopener\" href=\"http:\/\/www.carolebenzaken.net\/news.html\" data-type=\"URL\" data-id=\"www.carolebenzaken.net\/news.html\" target=\"_blank\">Carole Benzaken<\/a><\/strong><\/p>\n\n\n\n<p><strong><a rel=\"noreferrer noopener\" href=\"http:\/\/www.beatricegrandjean.com\" data-type=\"URL\" data-id=\"www.beatricegrandjean.com\" target=\"_blank\">B\u00e9atrice Granjean<\/a><\/strong><\/p>\n\n\n\n<p><a rel=\"noreferrer noopener\" href=\"http:\/\/www.cokmalko.com\/le-collectif\/\" data-type=\"URL\" data-id=\"www.cokmalko.com\/le-collectif\/\" target=\"_blank\">Collectif<strong> \u00c7ok Malko<\/strong><\/a><\/p>\n\n\n\n<p><a href=\"https:\/\/agnesalouges.wixsite.com\/monsite\" data-type=\"URL\" data-id=\"https:\/\/agnesalouges.wixsite.com\/monsite\" target=\"_blank\" rel=\"noreferrer noopener\"><strong>Agn\u00e8s<\/strong> <strong>Alouges<\/strong><\/a><\/p>\n\n\n\n<p><a href=\"http:\/\/www.karinchristoph.com\/\" data-type=\"URL\" data-id=\"www.karinchristoph.com\/\" target=\"_blank\" rel=\"noreferrer noopener\"><strong>Karin Christoph<\/strong><\/a><\/p>\n\n\n\n<p><a href=\"http:\/\/www.alodb.org\" data-type=\"URL\" data-id=\"www.alodb.org\" target=\"_blank\" rel=\"noreferrer noopener\"><strong>La Bande \u00e0 Balk <\/strong>&amp;<strong> A L&rsquo;Ouest Des Balkans<\/strong><\/a><\/p>\n\n\n\n<p><a href=\"http:\/\/www.collectifmedzbazar.com\" data-type=\"URL\" data-id=\"www.collectifmedzbazar.com\" target=\"_blank\" rel=\"noreferrer noopener\">Collectif<\/a><strong><a href=\"http:\/\/www.collectifmedzbazar.com\" data-type=\"URL\" data-id=\"www.collectifmedzbazar.com\" target=\"_blank\" rel=\"noreferrer noopener\"> Medz Bazar<\/a><\/strong><\/p>\n\n\n\n<p><a href=\"http:\/\/www.douzbekistan.org\/site\/\" data-type=\"URL\" data-id=\"www.douzbekistan.org\/site\/\" target=\"_blank\" rel=\"noreferrer noopener\">La <strong>Fanforale<\/strong> <strong>du<\/strong> <strong>Douzbekistan<\/strong><\/a><\/p>\n\n\n\n<p><\/p>\n","protected":false},"excerpt":{"rendered":"<p>Balkana\u00ef Youtube \u2022 Facebook Fran\u00e7ois Baillon Biologiste et photographe Les Pink it Blacks Roland Cros gravomane Servane Cayeux Vertygo Anne Sylvestre L&rsquo;association ARTISTIC L&rsquo;association Enfance et Musique La Compagnie de l&rsquo;archet et soufflet La Compagnie du Souffle au son Carole Benzaken B\u00e9atrice Granjean Collectif \u00c7ok Malko Agn\u00e8s Alouges Karin Christoph La Bande \u00e0 Balk &amp; [&hellip;]<\/p>\n","protected":false},"author":2,"featured_media":399,"parent":0,"menu_order":0,"comment_status":"closed","ping_status":"closed","template":"","meta":{"ngg_post_thumbnail":121,"footnotes":""},"class_list":["post-320","page","type-page","status-publish","has-post-thumbnail","hentry","entry","has-media"],"_links":{"self":[{"href":"https:\/\/karinem.com\/index.php\/wp-json\/wp\/v2\/pages\/320","targetHints":{"allow":["GET"]}}],"collection":[{"href":"https:\/\/karinem.com\/index.php\/wp-json\/wp\/v2\/pages"}],"about":[{"href":"https:\/\/karinem.com\/index.php\/wp-json\/wp\/v2\/types\/page"}],"author":[{"embeddable":true,"href":"https:\/\/karinem.com\/index.php\/wp-json\/wp\/v2\/users\/2"}],"replies":[{"embeddable":true,"href":"https:\/\/karinem.com\/index.php\/wp-json\/wp\/v2\/comments?post=320"}],"version-history":[{"count":29,"href":"https:\/\/karinem.com\/index.php\/wp-json\/wp\/v2\/pages\/320\/revisions"}],"predecessor-version":[{"id":1567,"href":"https:\/\/karinem.com\/index.php\/wp-json\/wp\/v2\/pages\/320\/revisions\/1567"}],"wp:featuredmedia":[{"embeddable":true,"href":"https:\/\/karinem.com\/index.php\/wp-json\/wp\/v2\/media\/399"}],"wp:attachment":[{"href":"https:\/\/karinem.com\/index.php\/wp-json\/wp\/v2\/media?parent=320"}],"curies":[{"name":"wp","href":"https:\/\/api.w.org\/{rel}","templated":true}]}}